{"id":273,"date":"2017-10-27T11:44:07","date_gmt":"2017-10-27T11:44:07","guid":{"rendered":"http:\/\/patterson.themerex.net\/?page_id=273"},"modified":"2024-04-15T08:43:36","modified_gmt":"2024-04-15T08:43:36","slug":"hakkimda","status":"publish","type":"page","link":"https:\/\/www.teach-together.com\/?page_id=273&lang=tr","title":{"rendered":"Hakk\u0131mda"},"content":{"rendered":"<p>[vc_row][vc_column icons_position=&#8221;left&#8221;][vc_empty_space height=&#8221;2.1em&#8221; alter_height=&#8221;none&#8221; hide_on_desktop=&#8221;&#8221; hide_on_notebook=&#8221;&#8221; hide_on_tablet=&#8221;1&#8243; hide_on_mobile=&#8221;1&#8243;]<div id=\"sc_title_929271849\"\n\t\tclass=\"sc_title color_style_default sc_title_default\"><h2 class=\"sc_item_title sc_title_title sc_align_center sc_item_title_style_default\">Hakk\u0131mda<\/h2><\/div><!-- \/.sc_title -->[vc_empty_space height=&#8221;0.5em&#8221; alter_height=&#8221;none&#8221; hide_on_desktop=&#8221;&#8221; hide_on_notebook=&#8221;&#8221; hide_on_tablet=&#8221;1&#8243; hide_on_mobile=&#8221;1&#8243;][vc_column_text]<\/p>\n<p style=\"text-align: left;\">Merhaba ben Pelin Bulut.<br \/>\nE\u011fitim hayat\u0131m Ted Kayseri Kolejinde ba\u015flad\u0131. \u00c7ocuklu\u011fumdan beri \u0130ngilizce, yabanc\u0131 dil, yabanc\u0131 ki\u015filerle ileti\u015fim\u00a0 konular\u0131nda her zaman olduk\u00e7a heyecanl\u0131 ve hevesli bir birey oldum.<\/p>\n<p style=\"text-align: left;\">Bu tutkumu geli\u015ftirebilmek ad\u0131na yabanc\u0131 \u00f6\u011fretmenlerden alm\u0131\u015f oldu\u011fum \u00f6zel dersler, ingilizce kurslar\u0131na olan merak\u0131m , farkl\u0131 \u00fclkelerdeki insanlarla mektupla\u015fma arac\u0131l\u0131\u011f\u0131 ile dil geli\u015ftirme, \u00e7evre geni\u015fletme\u00a0 ve sosyal a\u011f yarat\u0131m\u0131 , bu sayede farkl\u0131 k\u00fclt\u00fcrleri tan\u0131ma ve anlama konular\u0131ndaki iste\u011fim beni \u00fcniversite e\u011fitimimde de \u0130ngilizce b\u00f6l\u00fcm\u00fcne do\u011fru y\u00f6neltti. Anadolu \u00fcniversitesi \u0130ngilizce \u00d6\u011fretmenli\u011fi mezuniyeti sonras\u0131 daha fazla tecr\u00fcbe kazanabilmek ve merak\u0131m\u0131 profesyonelle\u015ftirmek ad\u0131na atm\u0131\u015f oldu\u011fum, Ulusal Ajans Comenius Avrupa birli\u011fi Projeleri ad\u0131m\u0131 ile\u00a0 Bel\u00e7ika\u2019n\u0131n\u00a0 Ghent \u015fehrinde harika bir deneyim f\u0131rsat\u0131 yakalad\u0131m.<\/p>\n<p style=\"text-align: left;\">\u00d6zg\u00fcr ifade , serbest metin , s\u0131n\u0131f g\u00fcnl\u00fc\u011f\u00fc ve farkl\u0131 okullarla yaz\u0131\u015fma gibi \u00e7al\u0131\u015fmalar\u0131 i\u00e7eren ,\u00f6\u011frencilerin kendi \u00f6\u011frenmelerinden sorumlu olmas\u0131n\u0131 kazand\u0131rma becerisini sunan Freinet e\u011fitim anlay\u0131\u015f\u0131n\u0131 baz alan\u00a0 bir okulda Comenius Dil Asistan\u0131\u00a0 olarak g\u00f6rev ald\u0131m. Bu g\u00f6rev esnas\u0131nda farkl\u0131 bak\u0131\u015f a\u00e7\u0131s\u0131,farkl\u0131 k\u00fclt\u00fcrlerden insanlarla \u00e7al\u0131\u015fabilme, tek tip \u00f6\u011frenim methodundan \u00e7ok \u00e7o\u00e7u\u011fun ilgi alanlar\u0131\u00a0 ve seviyesine g\u00f6re kullan\u0131labilir farkl\u0131 tekniklerin var olmas\u0131 ve bunlar\u0131n uygulan\u0131labilirli\u011fi gibi konularda bireysel geli\u015fim g\u00f6sterebilmek ve sonras\u0131nda t\u00fcm bunlar\u0131 i\u015f hayat\u0131mda, \u00e7ocuklarla olan ileti\u015fimimde ve derslerimde uygulayabilmek benim i\u00e7in yepyeni bir ba\u015flang\u0131\u00e7 demekti.<\/p>\n<p style=\"text-align: left;\">Sonra \u00fclkemizin Metropol\u00fc, t\u00fcm karma k\u00fclt\u00fcrleri ve yabanc\u0131lar\u0131 bir araya getiren \u0130stanbul\u2019a geldim. Ve bu zengin k\u00fclt\u00fcr karmas\u0131n\u0131 i\u00e7inde bar\u0131nd\u0131ran bir anaokulunda \u00e7al\u0131\u015fmaya ba\u015flad\u0131m.<\/p>\n<p style=\"text-align: left;\">Daha sonra Do\u011fa Kolejinde \u0130ngilizce \u00f6\u011fretmeni olarak g\u00f6rev ald\u0131m. Burada Comenius Okul Ortakl\u0131\u011f\u0131 Projeleri y\u00fcr\u00fcterek, yurtd\u0131\u015f\u0131na \u00e7\u0131kt\u0131m ve koordinasyon ve organizasyon becerilerimi geli\u015ftirme f\u0131rsat\u0131 edindim. Ve kariyerime B\u0130LFEN ailesiyle devam ettim.<\/p>\n<p style=\"text-align: left;\">Burada bulundu\u011fum d\u00f6nemde ders i\u00e7erik ve materyali haz\u0131rlama, t\u00fcmevar\u0131m ile \u00f6\u011frenim tekniklerinin faydalar\u0131, bireylerin kendi i\u00e7 ileti\u015fimlerini kuvvetlendirmeye y\u00f6nelik geli\u015fim sa\u011flay\u0131c\u0131 teknikler kullanmak, yine yap\u0131lan i\u015fe olduk\u00e7a katk\u0131 sa\u011flayan unsurlar oldu.<\/p>\n<p style=\"text-align: left;\">\u00c7ok sevdi\u011fim bir arkada\u015f\u0131m\u0131n beni \u00f6zel bir okula tavsiye etmesiyle kariyerime \u0130lkokul M\u00fcd\u00fcr Yard\u0131mc\u0131s\u0131 olarak devam ettim.\u00a0 Bu 1 sene s\u00fcren yolculu\u011fumda gerek velilerim, \u00f6\u011fretmen arkada\u015flar\u0131m ve can\u0131m \u00f6\u011frencilerimle olan ileti\u015fimimden \u00e7ok b\u00fcy\u00fck keyif alm\u0131\u015f olsam da, ba\u011flant\u0131lar\u0131m ve her zaman hayalini kurdu\u011fum i\u015f pe\u015fimi b\u0131rakmad\u0131 ve b\u00f6ylece m\u00fcd\u00fcr yard\u0131mc\u0131l\u0131\u011f\u0131n\u0131 b\u0131rak\u0131p hayallerimi ger\u00e7ekle\u015ftirmek i\u00e7in daha b\u00fcy\u00fck ad\u0131mlar atmaya karar verdim.<\/p>\n<p style=\"text-align: left;\">Bu karar\u0131 vermemi sa\u011flayan\u00a0 en b\u00fcy\u00fck etkenler ise ; ingilizce \u00f6\u011fretmenlerinin yava\u015f yava\u015f bana ula\u015fmalar\u0131 ve do\u011fru i\u015f bulma konusunda benden tavsiye istemeleridir. E\u015f zamanl\u0131 olarak okullardaki kurucu veya \u00fcst y\u00f6netimin yine bana ula\u015farak kendi kriterlerine uygun \u00f6\u011fretmen aray\u0131\u015flar\u0131nda benden destek talep etmeleridir. Bunun yan\u0131 s\u0131ra velilerin de kendi sosyal a\u011flar\u0131 neticesinde birbirlerine beni ingilizce \u00f6zel ders konusunda \u00f6nermeye ba\u015flamalar\u0131 benim bu i\u015f d\u00fc\u015f\u00fcncesini hayata ge\u00e7irmeme yard\u0131mc\u0131 oldu.<\/p>\n<p style=\"text-align: left;\">Bu olu\u015fturdu\u011fum i\u015f fikri ;\u00a0 kendi a\u011f\u0131m\u0131 olu\u015fturarak i\u00e7erisinde T\u00fcrk ve yabanc\u0131 \u00f6\u011fretmenlerin, okullar\u0131n, \u00e7ocuklar\u0131n ,velilerin\u00a0 bulundu\u011fu, birlikte \u00f6\u011frenme ve \u00f6\u011fretmeye y\u00f6nelik bir modeldir. \u00c7ok uzun bir zamand\u0131r insanlar\u0131n hayatlar\u0131na elimden geldi\u011fince dokunuyorum ve\u00a0 \u00f6\u011fretmenlerin kendi i\u00e7in do\u011fru i\u015fe girmelerine, okullar\u0131n aranan pozisyon ile uyumlu do\u011fru nitelikte \u00f6\u011fretmen\u00a0 bulmalar\u0131na yard\u0131mc\u0131 oluyorum.<\/p>\n<p style=\"text-align: left;\">Bu okul ve \u00f6\u011fretmen e\u015fle\u015ftirmelerini yaparken, ayn\u0131 zamanda yabanc\u0131 \u00f6\u011fretmenler ile birlikte konu\u015fma kul\u00fcpleri, YDS s\u0131nav\u0131na haz\u0131rl\u0131k , okula destek ve ingilizce dil bilgisini destekleyici \u00f6zel ders hizmetleri planl\u0131yorum. Sizlere bahsetti\u011fim bu tecr\u00fcbelerim \u015funu farketmemi sa\u011flad\u0131, ger\u00e7ekten kendinize inan\u0131p bu hayat yolunun sadece yapmak zorunda olduklar\u0131n\u0131zla s\u0131n\u0131rl\u0131 olmad\u0131\u011f\u0131n\u0131 anlad\u0131\u011f\u0131n\u0131zda, sizin i\u00e7in muhte\u015fem bir ser\u00fcven ba\u015flayacak.<\/p>\n<p style=\"text-align: left;\">Siz de bulundu\u011funuz yerden farkl\u0131 bir yerde olmak isterseniz, bu konuda yard\u0131ma ihtiyac\u0131n\u0131z oldu\u011funu d\u00fc\u015f\u00fcn\u00fcrseniz, benimle ileti\u015fime ge\u00e7ebilirsiniz.<\/p>\n<p>[\/vc_column_text][\/vc_column][\/vc_row][vc_row full_width=&#8221;stretch_row_content&#8221; hide_bg_image_on_tablet=&#8221;&#8221; hide_bg_image_on_mobile=&#8221;&#8221; css=&#8221;.vc_custom_1616945975628{background-size: cover !important;}&#8221;][vc_column icons_position=&#8221;left&#8221;]<div id=\"sc_content_620377423\"\n\t\tclass=\"sc_content color_style_default sc_content_default sc_float_center sc_padding_small\"><div class=\"sc_content_container\"><div  id=\"sc_testimonials_1527768678\"\t\tclass=\"sc_testimonials color_style_default sc_testimonials_default  vc_custom_1617535450525\"><h2 class=\"sc_item_title sc_testimonials_title sc_align_left sc_item_title_style_modern sc_item_title_tag\">\u0130nsanlar Ne Diyor?<\/h2><div class=\"sc_item_descr sc_testimonials_descr sc_align_left\"><p>referanslar\u0131m<\/p>\n<\/div><div id=\"sc_testimonials_1527768678_outer\" class=\"sc_testimonials_slider sc_item_slider slider_swiper_outer slider_outer slider_outer_nocontrols slider_outer_pagination slider_outer_pagination_custom slider_outer_pagination_pos_bottom slider_outer_one\">\n\t<div id=\"sc_testimonials_1527768678_swiper\" class=\"slider_container swiper-slider-container slider_swiper slider_noresize slider_nocontrols slider_pagination slider_pagination_custom slider_pagination_pos_bottom slider_one\" data-slides-space=\"30\" data-slides-min-width=\"290\" data-pagination=\"custom\">\n\t\t<div class=\"slides slider-wrapper swiper-wrapper sc_item_columns_1\"><div class=\"slider-slide swiper-slide\"><div class=\"sc_testimonials_item\">\n\t<div class=\"sc_testimonials_item_content\"><p>It is with a great pleasure that I provided a recommendation letter for Pelin. I had the opportunity to know her as a teacher and educator during the year 2021, and she also assisted me in obtaining a position as a Philosophy and English instructor at a private school beginning in April 2021. She is praised by her colleagues as being hardworking, self-motivated, detail-oriented, and an incredibly creative educator. Her students find her as a passionate, gracious, and inspiring teacher. I highly recommend Pelin for any positions that she may seek, and I believe she would be an indispensable asset to any individual student or class of students she teaches.<\/p>\n<\/div>\n\t<div class=\"sc_testimonials_item_author\">\n\t\t\t\t\t<div class=\"sc_testimonials_item_author_avatar\"><img loading=\"lazy\" decoding=\"async\" width=\"65\" height=\"71\" src=\"https:\/\/www.teach-together.com\/wp-content\/uploads\/2021\/05\/avatarnew2.png\" class=\"attachment-dr_patterson-thumb-tiny size-dr_patterson-thumb-tiny wp-post-image\" alt=\"Ariel\" \/><\/div>\n\t\t\t\t<div class=\"sc_testimonials_item_author_data\">\n\t\t\t<h4 class=\"sc_testimonials_item_author_title\">Ariel<\/h4>\n\t\t\t<div class=\"sc_testimonials_item_author_subtitle\"><\/div>\n\t\t<\/div>\n\t<\/div>\n<\/div>\n<\/div><div class=\"slider-slide swiper-slide\"><div class=\"sc_testimonials_item\">\n\t<div class=\"sc_testimonials_item_content\"><p>She is a determined and perfect teacher that motivates students to learn a foriegn language by teaching according to their levels. Her success on my daughter was obvious. We liked her a lot. Thank you our dear teacher.<\/p>\n<\/div>\n\t<div class=\"sc_testimonials_item_author\">\n\t\t\t\t\t<div class=\"sc_testimonials_item_author_avatar\"><img loading=\"lazy\" decoding=\"async\" width=\"23\" height=\"27\" src=\"https:\/\/www.teach-together.com\/wp-content\/uploads\/2021\/03\/avatar21-e1618143086753.png\" class=\"attachment-dr_patterson-thumb-tiny size-dr_patterson-thumb-tiny wp-post-image\" alt=\"G\u00fcl \u015e. \/ \u0130stanbul\" \/><\/div>\n\t\t\t\t<div class=\"sc_testimonials_item_author_data\">\n\t\t\t<h4 class=\"sc_testimonials_item_author_title\">G\u00fcl \u015e. \/ \u0130stanbul<\/h4>\n\t\t\t<div class=\"sc_testimonials_item_author_subtitle\">12 Main Road<\/div>\n\t\t<\/div>\n\t<\/div>\n<\/div>\n<\/div><div class=\"slider-slide swiper-slide\"><div class=\"sc_testimonials_item\">\n\t<div class=\"sc_testimonials_item_content\"><p>Pelin teacher is very sweet and hardworking. My son enjoyed English with her. Thank you.<\/p>\n<\/div>\n\t<div class=\"sc_testimonials_item_author\">\n\t\t\t\t\t<div class=\"sc_testimonials_item_author_avatar\"><img loading=\"lazy\" decoding=\"async\" width=\"23\" height=\"25\" src=\"https:\/\/www.teach-together.com\/wp-content\/uploads\/2021\/03\/avatar22-e1618143066465.png\" class=\"attachment-dr_patterson-thumb-tiny size-dr_patterson-thumb-tiny wp-post-image\" alt=\"Deniz S. \/ Suadiye\" \/><\/div>\n\t\t\t\t<div class=\"sc_testimonials_item_author_data\">\n\t\t\t<h4 class=\"sc_testimonials_item_author_title\">Deniz S. \/ Suadiye<\/h4>\n\t\t\t<div class=\"sc_testimonials_item_author_subtitle\">23rd Street<\/div>\n\t\t<\/div>\n\t<\/div>\n<\/div>\n<\/div><div class=\"slider-slide swiper-slide\"><div class=\"sc_testimonials_item\">\n\t<div class=\"sc_testimonials_item_content\"><p>Pelin teacher has been an unforgettable teacher for me and my daughter with her interest, compassion, love and total approach. My daughter continues to be a successful and student who comes forward with her language skills and can express herself easily because Pelin teacher made her love English and showed great approach and the positivity. Thanks for everything.<\/p>\n<\/div>\n\t<div class=\"sc_testimonials_item_author\">\n\t\t\t\t\t<div class=\"sc_testimonials_item_author_avatar\"><img loading=\"lazy\" decoding=\"async\" width=\"23\" height=\"25\" src=\"https:\/\/www.teach-together.com\/wp-content\/uploads\/2021\/03\/avatar23-e1618143048653.png\" class=\"attachment-dr_patterson-thumb-tiny size-dr_patterson-thumb-tiny wp-post-image\" alt=\"Aysun T.\/ \u0130stanbul\" \/><\/div>\n\t\t\t\t<div class=\"sc_testimonials_item_author_data\">\n\t\t\t<h4 class=\"sc_testimonials_item_author_title\">Aysun T.\/ \u0130stanbul<\/h4>\n\t\t\t<div class=\"sc_testimonials_item_author_subtitle\"><\/div>\n\t\t<\/div>\n\t<\/div>\n<\/div>\n<\/div><div class=\"slider-slide swiper-slide\"><div class=\"sc_testimonials_item\">\n\t<div class=\"sc_testimonials_item_content\"><p>She is extremely compassionate to children and she has great communication with parents. I like her discipline and style of work. Thank you Pelin teacher. It\u2019s great to have a teacher like you.<\/p>\n<\/div>\n\t<div class=\"sc_testimonials_item_author\">\n\t\t\t\t\t<div class=\"sc_testimonials_item_author_avatar\"><img loading=\"lazy\" decoding=\"async\" width=\"23\" height=\"30\" src=\"https:\/\/www.teach-together.com\/wp-content\/uploads\/2021\/03\/avatar24-e1618143032305.png\" class=\"attachment-dr_patterson-thumb-tiny size-dr_patterson-thumb-tiny wp-post-image\" alt=\"Seyhan K. \/ Istanbul\" \/><\/div>\n\t\t\t\t<div class=\"sc_testimonials_item_author_data\">\n\t\t\t<h4 class=\"sc_testimonials_item_author_title\">Seyhan K. \/ Istanbul<\/h4>\n\t\t\t<div class=\"sc_testimonials_item_author_subtitle\"><\/div>\n\t\t<\/div>\n\t<\/div>\n<\/div>\n<\/div><div class=\"slider-slide swiper-slide\"><div class=\"sc_testimonials_item\">\n\t<div class=\"sc_testimonials_item_content\"><p>Because of the positive relationship she made with my son, Pelin teacher not only raised his interest and curiosity for English but also supported him to have higher points. She makes a difference in teaching lessons by playing games according to the child\u2019s interest. My son says \u2018I wish I have English lessons all day.\u2019\u2019 Thank you teacher, we enjoy and learn.<\/p>\n<\/div>\n\t<div class=\"sc_testimonials_item_author\">\n\t\t\t\t\t<div class=\"sc_testimonials_item_author_avatar\"><img loading=\"lazy\" decoding=\"async\" width=\"23\" height=\"25\" src=\"https:\/\/www.teach-together.com\/wp-content\/uploads\/2021\/03\/avatar18-e1618142842557.png\" class=\"attachment-dr_patterson-thumb-tiny size-dr_patterson-thumb-tiny wp-post-image\" alt=\"Aylin E. \/ \u0130stanbul\" \/><\/div>\n\t\t\t\t<div class=\"sc_testimonials_item_author_data\">\n\t\t\t<h4 class=\"sc_testimonials_item_author_title\">Aylin E. \/ \u0130stanbul<\/h4>\n\t\t\t<div class=\"sc_testimonials_item_author_subtitle\"><\/div>\n\t\t<\/div>\n\t<\/div>\n<\/div>\n<\/div><div class=\"slider-slide swiper-slide\"><div class=\"sc_testimonials_item\">\n\t<div class=\"sc_testimonials_item_content\"><p>My son and I love Pelin teacher a lot. She is like a member of our family. My son is very happy with her.He always tries to tell me what he learns after the lessons. My son doesn\u2019t want the lessons end as he gets along very well with Pelin teacher and he enjoys her lessons. He always says \u2018\u2019Mom, the lesson ended so quickly.\u2019\u2019 We owe her a lot as he has improved so quickly and loves the language. I can clearly see that he learns and enjoys.<\/p>\n<\/div>\n\t<div class=\"sc_testimonials_item_author\">\n\t\t\t\t\t<div class=\"sc_testimonials_item_author_avatar\"><img loading=\"lazy\" decoding=\"async\" width=\"23\" height=\"30\" src=\"https:\/\/www.teach-together.com\/wp-content\/uploads\/2021\/03\/avatar19-e1618142823689.png\" class=\"attachment-dr_patterson-thumb-tiny size-dr_patterson-thumb-tiny wp-post-image\" alt=\"Tu\u011fba K. \/\u0130stanbul\" \/><\/div>\n\t\t\t\t<div class=\"sc_testimonials_item_author_data\">\n\t\t\t<h4 class=\"sc_testimonials_item_author_title\">Tu\u011fba K. \/\u0130stanbul<\/h4>\n\t\t\t<div class=\"sc_testimonials_item_author_subtitle\"><\/div>\n\t\t<\/div>\n\t<\/div>\n<\/div>\n<\/div><div class=\"slider-slide swiper-slide\"><div class=\"sc_testimonials_item\">\n\t<div class=\"sc_testimonials_item_content\"><p>Pelin teacher has always had a good place in our educational life. She loves children a lot and she has sincere relationships with her students and manages to build a bridge between herself and the parents. It is so good that we met and I hope one day we can work together again.<\/p>\n<\/div>\n\t<div class=\"sc_testimonials_item_author\">\n\t\t\t\t\t<div class=\"sc_testimonials_item_author_avatar\"><img loading=\"lazy\" decoding=\"async\" width=\"23\" height=\"26\" src=\"https:\/\/www.teach-together.com\/wp-content\/uploads\/2021\/03\/avatar20-e1618142789425.png\" class=\"attachment-dr_patterson-thumb-tiny size-dr_patterson-thumb-tiny wp-post-image\" alt=\"Bur\u00e7ak K. \/ \u0130stanbul\" \/><\/div>\n\t\t\t\t<div class=\"sc_testimonials_item_author_data\">\n\t\t\t<h4 class=\"sc_testimonials_item_author_title\">Bur\u00e7ak K. \/ \u0130stanbul<\/h4>\n\t\t\t<div class=\"sc_testimonials_item_author_subtitle\"><\/div>\n\t\t<\/div>\n\t<\/div>\n<\/div>\n<\/div><div class=\"slider-slide swiper-slide\"><div class=\"sc_testimonials_item\">\n\t<div class=\"sc_testimonials_item_content\"><p>She has always been trustworthy since the first time we met. I entrusted my child to Pelin teacher. She has been with us for a year and half.We are lucky to have you.<\/p>\n<\/div>\n\t<div class=\"sc_testimonials_item_author\">\n\t\t\t\t\t<div class=\"sc_testimonials_item_author_avatar\"><img loading=\"lazy\" decoding=\"async\" width=\"130\" height=\"150\" src=\"https:\/\/www.teach-together.com\/wp-content\/uploads\/2021\/03\/avatar13-130x150.png\" class=\"attachment-dr_patterson-thumb-tiny size-dr_patterson-thumb-tiny wp-post-image\" alt=\"Melek T. \/\u0130stanbul\" \/><\/div>\n\t\t\t\t<div class=\"sc_testimonials_item_author_data\">\n\t\t\t<h4 class=\"sc_testimonials_item_author_title\">Melek T. \/\u0130stanbul<\/h4>\n\t\t\t<div class=\"sc_testimonials_item_author_subtitle\"><\/div>\n\t\t<\/div>\n\t<\/div>\n<\/div>\n<\/div><div class=\"slider-slide swiper-slide\"><div class=\"sc_testimonials_item\">\n\t<div class=\"sc_testimonials_item_content\"><p>She is a very successful education leader.<\/p>\n<\/div>\n\t<div class=\"sc_testimonials_item_author\">\n\t\t\t\t\t<div class=\"sc_testimonials_item_author_avatar\"><img loading=\"lazy\" decoding=\"async\" width=\"127\" height=\"150\" src=\"https:\/\/www.teach-together.com\/wp-content\/uploads\/2021\/03\/avatar14-127x150.png\" class=\"attachment-dr_patterson-thumb-tiny size-dr_patterson-thumb-tiny wp-post-image\" alt=\"Eda Y. \/\u0130stanbul\" \/><\/div>\n\t\t\t\t<div class=\"sc_testimonials_item_author_data\">\n\t\t\t<h4 class=\"sc_testimonials_item_author_title\">Eda Y. \/\u0130stanbul<\/h4>\n\t\t\t<div class=\"sc_testimonials_item_author_subtitle\"><\/div>\n\t\t<\/div>\n\t<\/div>\n<\/div>\n<\/div><\/div><\/div><div class=\"slider_pagination_wrap swiper-pagination\"><span class=\"slider-pagination-button swiper-pagination-button\"><span class=\"custom-image-container\"><span class=\"custom-image\" style=\"background-image: url(https:\/\/www.teach-together.com\/wp-content\/uploads\/2021\/05\/avatarnew2.png);\"><\/span><\/span><span class=\"custom-title\">Ariel<\/span><\/span><span class=\"slider-pagination-button swiper-pagination-button\"><span class=\"custom-image-container\"><span class=\"custom-image\" style=\"background-image: url(https:\/\/www.teach-together.com\/wp-content\/uploads\/2021\/03\/avatar21-e1618143086753.png);\"><\/span><\/span><span class=\"custom-title\">G\u00fcl \u015e. \/ \u0130stanbul, 12 Main Road<\/span><\/span><span class=\"slider-pagination-button swiper-pagination-button\"><span class=\"custom-image-container\"><span class=\"custom-image\" style=\"background-image: url(https:\/\/www.teach-together.com\/wp-content\/uploads\/2021\/03\/avatar22-e1618143066465.png);\"><\/span><\/span><span class=\"custom-title\">Deniz S. \/ Suadiye, 23rd Street<\/span><\/span><span class=\"slider-pagination-button swiper-pagination-button\"><span class=\"custom-image-container\"><span class=\"custom-image\" style=\"background-image: url(https:\/\/www.teach-together.com\/wp-content\/uploads\/2021\/03\/avatar23-e1618143048653.png);\"><\/span><\/span><span class=\"custom-title\">Aysun T.\/ \u0130stanbul<\/span><\/span><span class=\"slider-pagination-button swiper-pagination-button\"><span class=\"custom-image-container\"><span class=\"custom-image\" style=\"background-image: url(https:\/\/www.teach-together.com\/wp-content\/uploads\/2021\/03\/avatar24-e1618143032305.png);\"><\/span><\/span><span class=\"custom-title\">Seyhan K. \/ Istanbul<\/span><\/span><span class=\"slider-pagination-button swiper-pagination-button\"><span class=\"custom-image-container\"><span class=\"custom-image\" style=\"background-image: url(https:\/\/www.teach-together.com\/wp-content\/uploads\/2021\/03\/avatar18-e1618142842557.png);\"><\/span><\/span><span class=\"custom-title\">Aylin E. \/ \u0130stanbul<\/span><\/span><span class=\"slider-pagination-button swiper-pagination-button\"><span class=\"custom-image-container\"><span class=\"custom-image\" style=\"background-image: url(https:\/\/www.teach-together.com\/wp-content\/uploads\/2021\/03\/avatar19-e1618142823689.png);\"><\/span><\/span><span class=\"custom-title\">Tu\u011fba K. \/\u0130stanbul<\/span><\/span><span class=\"slider-pagination-button swiper-pagination-button\"><span class=\"custom-image-container\"><span class=\"custom-image\" style=\"background-image: url(https:\/\/www.teach-together.com\/wp-content\/uploads\/2021\/03\/avatar20-e1618142789425.png);\"><\/span><\/span><span class=\"custom-title\">Bur\u00e7ak K. \/ \u0130stanbul<\/span><\/span><span class=\"slider-pagination-button swiper-pagination-button\"><span class=\"custom-image-container\"><span class=\"custom-image\" style=\"background-image: url(https:\/\/www.teach-together.com\/wp-content\/uploads\/2021\/03\/avatar13-130x150.png);\"><\/span><\/span><span class=\"custom-title\">Melek T. \/\u0130stanbul<\/span><\/span><span class=\"slider-pagination-button swiper-pagination-button\"><span class=\"custom-image-container\"><span class=\"custom-image\" style=\"background-image: url(https:\/\/www.teach-together.com\/wp-content\/uploads\/2021\/03\/avatar14-127x150.png);\"><\/span><\/span><span class=\"custom-title\">Eda Y. \/\u0130stanbul<\/span><\/span><\/div><\/div><\/div><!-- \/.sc_testimonials --><\/div><\/div><!-- \/.sc_content -->[\/vc_column][\/vc_row]<\/p>\n","protected":false},"excerpt":{"rendered":"<p>[vc_row][vc_column icons_position=&#8221;left&#8221;][vc_empty_space height=&#8221;2.1em&#8221; alter_height=&#8221;none&#8221; hide_on_desktop=&#8221;&#8221; hide_on_notebook=&#8221;&#8221; hide_on_tablet=&#8221;1&#8243; hide_on_mobile=&#8221;1&#8243;][vc_empty_space height=&#8221;0.5em&#8221; alter_height=&#8221;none&#8221; hide_on_desktop=&#8221;&#8221; hide_on_notebook=&#8221;&#8221; hide_on_tablet=&#8221;1&#8243; hide_on_mobile=&#8221;1&#8243;][vc_column_text] Merhaba ben Pelin Bulut. E\u011fitim hayat\u0131m Ted Kayseri Kolejinde ba\u015flad\u0131. \u00c7ocuklu\u011fumdan beri \u0130ngilizce, yabanc\u0131 dil, yabanc\u0131 ki\u015filerle ileti\u015fim\u00a0 konular\u0131nda her zaman olduk\u00e7a heyecanl\u0131 ve hevesli bir birey oldum. Bu tutkumu geli\u015ftirebilmek ad\u0131na yabanc\u0131 \u00f6\u011fretmenlerden alm\u0131\u015f oldu\u011fum \u00f6zel dersler, ingilizce kurslar\u0131na olan merak\u0131m , farkl\u0131 \u00fclkelerdeki insanlarla&hellip;<\/p>\n","protected":false},"author":1,"featured_media":0,"parent":0,"menu_order":0,"comment_status":"closed","ping_status":"closed","template":"","meta":{"iawp_total_views":36,"footnotes":""},"class_list":["post-273","page","type-page","status-publish","hentry"],"_links":{"self":[{"href":"https:\/\/www.teach-together.com\/index.php?rest_route=\/wp\/v2\/pages\/273","targetHints":{"allow":["GET"]}}],"collection":[{"href":"https:\/\/www.teach-together.com\/index.php?rest_route=\/wp\/v2\/pages"}],"about":[{"href":"https:\/\/www.teach-together.com\/index.php?rest_route=\/wp\/v2\/types\/page"}],"author":[{"embeddable":true,"href":"https:\/\/www.teach-together.com\/index.php?rest_route=\/wp\/v2\/users\/1"}],"replies":[{"embeddable":true,"href":"https:\/\/www.teach-together.com\/index.php?rest_route=%2Fwp%2Fv2%2Fcomments&post=273"}],"version-history":[{"count":16,"href":"https:\/\/www.teach-together.com\/index.php?rest_route=\/wp\/v2\/pages\/273\/revisions"}],"predecessor-version":[{"id":1889,"href":"https:\/\/www.teach-together.com\/index.php?rest_route=\/wp\/v2\/pages\/273\/revisions\/1889"}],"wp:attachment":[{"href":"https:\/\/www.teach-together.com\/index.php?rest_route=%2Fwp%2Fv2%2Fmedia&parent=273"}],"curies":[{"name":"wp","href":"https:\/\/api.w.org\/{rel}","templated":true}]}}