{"id":232,"date":"2017-10-26T13:30:52","date_gmt":"2017-10-26T13:30:52","guid":{"rendered":"http:\/\/patterson.themerex.net\/?page_id=232"},"modified":"2022-01-03T16:11:48","modified_gmt":"2022-01-03T16:11:48","slug":"hizmetlerimiz","status":"publish","type":"page","link":"https:\/\/www.teach-together.com\/?page_id=232&lang=tr","title":{"rendered":"Hizmetlerimiz"},"content":{"rendered":"<p>[vc_row][vc_column icons_position=&#8221;left&#8221;][vc_empty_space height=&#8221;1.7em&#8221; alter_height=&#8221;none&#8221; hide_on_desktop=&#8221;&#8221; hide_on_notebook=&#8221;&#8221; hide_on_tablet=&#8221;1&#8243; hide_on_mobile=&#8221;1&#8243;]<div id=\"sc_services_850498796\" class=\"sc_services color_style_default sc_services_default sc_services_featured_top\"><div class=\"sc_services_columns_wrap sc_item_columns sc_item_columns_2 trx_addons_columns_wrap columns_padding_bottom\"><div class=\"trx_addons_column-1_2\"><div class=\"sc_services_item no_links without_content with_image sc_services_item_featured_top post-230 cpt_services type-cpt_services status-publish has-post-thumbnail hentry cpt_services_group-main-services\">\n\t\t<div class=\"sc_services_feature_header\"><div class=\"post_featured with_thumb hover_icon sc_services_item_thumb\"><img loading=\"lazy\" decoding=\"async\" width=\"750\" height=\"428\" src=\"https:\/\/www.teach-together.com\/wp-content\/uploads\/2017\/10\/evde-eg-750x428.jpg\" class=\"attachment-dr_patterson-thumb-big size-dr_patterson-thumb-big wp-post-image\" alt=\"\" \/><div class=\"mask\"><\/div><div class=\"icons\"><a href=\"https:\/\/www.teach-together.com\/?cpt_services=therapeutics&#038;lang=tr\" aria-hidden=\"true\" class=\"icon-edit\"><\/a><\/div><\/div><span class=\"sc_services_item_number\">01<\/span>\n\t\t<\/div>\n\t\t\t\t\n\t<div class=\"sc_services_item_info\">\n\t\t<div class=\"sc_services_item_header\">\n\t\t\t<h6 class=\"sc_services_item_title\"><a href=\"https:\/\/www.teach-together.com\/?cpt_services=therapeutics&#038;lang=tr\">Evde E\u011fitim<\/a><\/h6>\n\t\t<\/div>\n\t\t<\/div>\n<\/div>\n<\/div>\n\n<div class=\"trx_addons_column-1_2\"><div class=\"sc_services_item no_links without_content with_image sc_services_item_featured_top post-227 cpt_services type-cpt_services status-publish has-post-thumbnail hentry cpt_services_group-main-services\">\n\t\t<div class=\"sc_services_feature_header\"><div class=\"post_featured with_thumb hover_icon sc_services_item_thumb\"><img loading=\"lazy\" decoding=\"async\" width=\"512\" height=\"341\" src=\"https:\/\/www.teach-together.com\/wp-content\/uploads\/2017\/10\/unnamed-1.jpg\" class=\"attachment-dr_patterson-thumb-big size-dr_patterson-thumb-big wp-post-image\" alt=\"\" srcset=\"https:\/\/www.teach-together.com\/wp-content\/uploads\/2017\/10\/unnamed-1.jpg 512w, https:\/\/www.teach-together.com\/wp-content\/uploads\/2017\/10\/unnamed-1-300x200.jpg 300w, https:\/\/www.teach-together.com\/wp-content\/uploads\/2017\/10\/unnamed-1-370x246.jpg 370w\" sizes=\"auto, (max-width: 512px) 100vw, 512px\" \/><div class=\"mask\"><\/div><div class=\"icons\"><a href=\"https:\/\/www.teach-together.com\/?cpt_services=laboratory&#038;lang=tr\" aria-hidden=\"true\" class=\"icon-edit\"><\/a><\/div><\/div><span class=\"sc_services_item_number\">02<\/span>\n\t\t<\/div>\n\t\t\t\t\n\t<div class=\"sc_services_item_info\">\n\t\t<div class=\"sc_services_item_header\">\n\t\t\t<h6 class=\"sc_services_item_title\"><a href=\"https:\/\/www.teach-together.com\/?cpt_services=laboratory&#038;lang=tr\">Okul-\u00d6\u011fretmen Dan\u0131\u015fmanl\u0131\u011f\u0131<\/a><\/h6>\n\t\t<\/div>\n\t\t<\/div>\n<\/div>\n<\/div>\n\n<div class=\"trx_addons_column-1_2\"><div class=\"sc_services_item no_links without_content with_image sc_services_item_featured_top post-226 cpt_services type-cpt_services status-publish has-post-thumbnail hentry cpt_services_group-main-services\">\n\t\t<div class=\"sc_services_feature_header\"><div class=\"post_featured with_thumb hover_icon sc_services_item_thumb\"><img loading=\"lazy\" decoding=\"async\" width=\"740\" height=\"418\" src=\"https:\/\/www.teach-together.com\/wp-content\/uploads\/2017\/10\/logo-yurtdisi.jpg\" class=\"attachment-dr_patterson-thumb-big size-dr_patterson-thumb-big wp-post-image\" alt=\"\" srcset=\"https:\/\/www.teach-together.com\/wp-content\/uploads\/2017\/10\/logo-yurtdisi.jpg 740w, https:\/\/www.teach-together.com\/wp-content\/uploads\/2017\/10\/logo-yurtdisi-300x169.jpg 300w, https:\/\/www.teach-together.com\/wp-content\/uploads\/2017\/10\/logo-yurtdisi-370x209.jpg 370w, https:\/\/www.teach-together.com\/wp-content\/uploads\/2017\/10\/logo-yurtdisi-450x253.jpg 450w, https:\/\/www.teach-together.com\/wp-content\/uploads\/2017\/10\/logo-yurtdisi-270x152.jpg 270w\" sizes=\"auto, (max-width: 740px) 100vw, 740px\" \/><div class=\"mask\"><\/div><div class=\"icons\"><a href=\"https:\/\/www.teach-together.com\/?cpt_services=surgery&#038;lang=tr\" aria-hidden=\"true\" class=\"icon-edit\"><\/a><\/div><\/div><span class=\"sc_services_item_number\">03<\/span>\n\t\t<\/div>\n\t\t\t\t\n\t<div class=\"sc_services_item_info\">\n\t\t<div class=\"sc_services_item_header\">\n\t\t\t<h6 class=\"sc_services_item_title\"><a href=\"https:\/\/www.teach-together.com\/?cpt_services=surgery&#038;lang=tr\">Yurt D\u0131\u015f\u0131 E\u011fitim<\/a><\/h6>\n\t\t<\/div>\n\t\t<\/div>\n<\/div>\n<\/div>\n\n<\/div><\/div><!-- \/.sc_services -->[vc_empty_space height=&#8221;2em&#8221; alter_height=&#8221;none&#8221; hide_on_desktop=&#8221;&#8221; hide_on_notebook=&#8221;&#8221; hide_on_tablet=&#8221;&#8221; hide_on_mobile=&#8221;&#8221;][vc_empty_space height=&#8221;4em&#8221; alter_height=&#8221;none&#8221; hide_on_desktop=&#8221;&#8221; hide_on_notebook=&#8221;&#8221; hide_on_tablet=&#8221;1&#8243; hide_on_mobile=&#8221;1&#8243;][\/vc_column][\/vc_row][vc_row][vc_column icons_position=&#8221;left&#8221;][vc_empty_space height=&#8221;1.8em&#8221; alter_height=&#8221;none&#8221; hide_on_desktop=&#8221;&#8221; hide_on_notebook=&#8221;&#8221; hide_on_tablet=&#8221;1&#8243; hide_on_mobile=&#8221;1&#8243;][\/vc_column][\/vc_row]<\/p>\n","protected":false},"excerpt":{"rendered":"<p>[vc_row][vc_column icons_position=&#8221;left&#8221;][vc_empty_space height=&#8221;1.7em&#8221; alter_height=&#8221;none&#8221; hide_on_desktop=&#8221;&#8221; hide_on_notebook=&#8221;&#8221; hide_on_tablet=&#8221;1&#8243; hide_on_mobile=&#8221;1&#8243;][vc_empty_space height=&#8221;2em&#8221; alter_height=&#8221;none&#8221; hide_on_desktop=&#8221;&#8221; hide_on_notebook=&#8221;&#8221; hide_on_tablet=&#8221;&#8221; hide_on_mobile=&#8221;&#8221;][vc_empty_space height=&#8221;4em&#8221; alter_height=&#8221;none&#8221; hide_on_desktop=&#8221;&#8221; hide_on_notebook=&#8221;&#8221; hide_on_tablet=&#8221;1&#8243; hide_on_mobile=&#8221;1&#8243;][\/vc_column][\/vc_row][vc_row][vc_column icons_position=&#8221;left&#8221;][vc_empty_space height=&#8221;1.8em&#8221; alter_height=&#8221;none&#8221; hide_on_desktop=&#8221;&#8221; hide_on_notebook=&#8221;&#8221; hide_on_tablet=&#8221;1&#8243; hide_on_mobile=&#8221;1&#8243;][\/vc_column][\/vc_row]<\/p>\n","protected":false},"author":1,"featured_media":0,"parent":0,"menu_order":0,"comment_status":"closed","ping_status":"closed","template":"","meta":{"iawp_total_views":52,"footnotes":""},"class_list":["post-232","page","type-page","status-publish","hentry"],"_links":{"self":[{"href":"https:\/\/www.teach-together.com\/index.php?rest_route=\/wp\/v2\/pages\/232","targetHints":{"allow":["GET"]}}],"collection":[{"href":"https:\/\/www.teach-together.com\/index.php?rest_route=\/wp\/v2\/pages"}],"about":[{"href":"https:\/\/www.teach-together.com\/index.php?rest_route=\/wp\/v2\/types\/page"}],"author":[{"embeddable":true,"href":"https:\/\/www.teach-together.com\/index.php?rest_route=\/wp\/v2\/users\/1"}],"replies":[{"embeddable":true,"href":"https:\/\/www.teach-together.com\/index.php?rest_route=%2Fwp%2Fv2%2Fcomments&post=232"}],"version-history":[{"count":7,"href":"https:\/\/www.teach-together.com\/index.php?rest_route=\/wp\/v2\/pages\/232\/revisions"}],"predecessor-version":[{"id":1863,"href":"https:\/\/www.teach-together.com\/index.php?rest_route=\/wp\/v2\/pages\/232\/revisions\/1863"}],"wp:attachment":[{"href":"https:\/\/www.teach-together.com\/index.php?rest_route=%2Fwp%2Fv2%2Fmedia&parent=232"}],"curies":[{"name":"wp","href":"https:\/\/api.w.org\/{rel}","templated":true}]}}